{"id":929,"date":"2020-02-03T15:15:50","date_gmt":"2020-02-03T14:15:50","guid":{"rendered":"http:\/\/cietintamar.com\/?page_id=929"},"modified":"2022-05-10T11:27:11","modified_gmt":"2022-05-10T09:27:11","slug":"archives","status":"publish","type":"page","link":"http:\/\/cietintamar.com\/?page_id=929","title":{"rendered":"Archives"},"content":{"rendered":"<p><a href=\"http:\/\/cietintamar.com\/wp-content\/uploads\/2014\/10\/coup-de-theatre.jpg\"><img loading=\"lazy\" decoding=\"async\" class=\"size-thumbnail wp-image-33 alignleft\" src=\"http:\/\/cietintamar.com\/wp-content\/uploads\/2014\/10\/coup-de-theatre-150x150.jpg\" alt=\"coup de theatre\" width=\"150\" height=\"150\" srcset=\"http:\/\/cietintamar.com\/wp-content\/uploads\/2014\/10\/coup-de-theatre-150x150.jpg 150w, http:\/\/cietintamar.com\/wp-content\/uploads\/2014\/10\/coup-de-theatre-100x100.jpg 100w\" sizes=\"auto, (max-width: 150px) 100vw, 150px\" \/><\/a><strong>COUP DE TH\u00c9\u00c2TRE<\/strong><br \/>\nCr\u00e9ation 2008<br \/>\nGenre : Enqu\u00eate polici\u00e8re d\u00e9ambulatoire<br \/>\n\u00c9crit par Gilles Abier.<br \/>\nM.e.s. Florence Domec<br \/>\nLe public se retrouve m\u00eal\u00e9 malgr\u00e9 lui \u00e0 une intrigue polici\u00e8re et embarqu\u00e9 dans un spectacle d&rsquo;investigation, ambiance polar expressionniste.<\/p>\n<p>&nbsp;<\/p>\n<p><a href=\"http:\/\/cietintamar.com\/wp-content\/uploads\/2014\/10\/Siamoises.jpg\"><img loading=\"lazy\" decoding=\"async\" class=\"alignleft wp-image-51 size-thumbnail\" src=\"http:\/\/cietintamar.com\/wp-content\/uploads\/2014\/10\/Siamoises-150x150.jpg\" alt=\"Siamoises\" width=\"150\" height=\"150\" srcset=\"http:\/\/cietintamar.com\/wp-content\/uploads\/2014\/10\/Siamoises-150x150.jpg 150w, http:\/\/cietintamar.com\/wp-content\/uploads\/2014\/10\/Siamoises-100x100.jpg 100w\" sizes=\"auto, (max-width: 150px) 100vw, 150px\" \/><\/a><strong>SIAMOISES<\/strong><br \/>\nCr\u00e9ation 2006<br \/>\nGenre : Com\u00e9die humaine en textes et en chansons.<br \/>\n\u00c9crit par Jack Dor<br \/>\nM.e.s. Caroline Gay<br \/>\nLes siamoises se malm\u00e8nent pour trouver leur place dans un corps \u00e0 partager.<br \/>\nL\u2019\u00e9loge de la diff\u00e9rence aux prises avec la d\u00e9pendance.<br \/>\nUn univers proche de celui de Karl Valentin, Topor et Fellini.<\/p>\n<p><a href=\"http:\/\/cietintamar.com\/wp-content\/uploads\/2014\/10\/JUSQUO\u016a-IRIEZ-VOUS.jpg\"><img loading=\"lazy\" decoding=\"async\" class=\"size-thumbnail wp-image-46 alignleft\" src=\"http:\/\/cietintamar.com\/wp-content\/uploads\/2014\/10\/JUSQUO\u016a-IRIEZ-VOUS-150x150.jpg\" alt=\"JUSQU'O\u016a IRIEZ-VOUS\" width=\"150\" height=\"150\" srcset=\"http:\/\/cietintamar.com\/wp-content\/uploads\/2014\/10\/JUSQUO\u016a-IRIEZ-VOUS-150x150.jpg 150w, http:\/\/cietintamar.com\/wp-content\/uploads\/2014\/10\/JUSQUO\u016a-IRIEZ-VOUS-100x100.jpg 100w\" sizes=\"auto, (max-width: 150px) 100vw, 150px\" \/><\/a><strong>JUSQU\u2019O\u00d9 IRIEZ-VOUS POUR DEVENIR C\u00c9L\u00c8BRES?<\/strong><br \/>\nCr\u00e9ation 2005<br \/>\nGenre : Satire sur la t\u00e9l\u00e9 r\u00e9alit\u00e9.<br \/>\n\u00c9crit par Gilles Abier<br \/>\nM.e.s. Florence Domec<br \/>\nUn dispositif circulaire o\u00f9 le public, assis au centre, se retrouve pris au pi\u00e8ge.<\/p>\n<p>&nbsp;<\/p>\n<p style=\"text-align: justify;\"><strong><a href=\"http:\/\/cietintamar.com\/wp-content\/uploads\/2014\/10\/A-LABORDAGE.jpg\"><img loading=\"lazy\" decoding=\"async\" class=\"size-thumbnail wp-image-32 alignleft\" src=\"http:\/\/cietintamar.com\/wp-content\/uploads\/2014\/10\/A-LABORDAGE-150x150.jpg\" alt=\"A L'ABORDAGE!\" width=\"150\" height=\"150\" srcset=\"http:\/\/cietintamar.com\/wp-content\/uploads\/2014\/10\/A-LABORDAGE-150x150.jpg 150w, http:\/\/cietintamar.com\/wp-content\/uploads\/2014\/10\/A-LABORDAGE-100x100.jpg 100w\" sizes=\"auto, (max-width: 150px) 100vw, 150px\" \/><\/a><\/strong><strong>A L&rsquo;ABORDAGE!<\/strong><br \/>\nCr\u00e9ation 2005<br \/>\nGenre : Ballade interactive et d\u00e9ambulatoire.<br \/>\n\u00c9crit par Jack Dor<br \/>\nM.e.s. Florence Domec<br \/>\nUn parcours initiatique pour petits et grands, o\u00f9 l\u2019on d\u00e9couvre l\u2019envers du d\u00e9cor au Th\u00e9\u00e2tre. Embarquez comme mousse sur ce navire immense, l\u2019\u00e9quipage vous apprendra son \u00e9trange langage et ses dr\u00f4les de manies, car nos marins sont superstitieux et l\u2019\u00e2me en ses lieux est tr\u00e8s joueuse.<\/p>\n<p style=\"text-align: justify;\"><a href=\"http:\/\/cietintamar.com\/wp-content\/uploads\/2014\/10\/LA-REVANCHE-DE-SUCCUBE.jpg\"><img loading=\"lazy\" decoding=\"async\" class=\"alignleft wp-image-40 size-thumbnail\" src=\"http:\/\/cietintamar.com\/wp-content\/uploads\/2014\/10\/LA-REVANCHE-DE-SUCCUBE-150x150.jpg\" alt=\"LA REVANCHE DE SUCCUBE\" width=\"150\" height=\"150\" srcset=\"http:\/\/cietintamar.com\/wp-content\/uploads\/2014\/10\/LA-REVANCHE-DE-SUCCUBE-150x150.jpg 150w, http:\/\/cietintamar.com\/wp-content\/uploads\/2014\/10\/LA-REVANCHE-DE-SUCCUBE-100x100.jpg 100w\" sizes=\"auto, (max-width: 150px) 100vw, 150px\" \/><\/a><strong>LA REVANCHE DE SUCCUBE<\/strong><br \/>\nCr\u00e9ation 2004<br \/>\nGENRE : Onirique &#8211; d\u00e9ambulation pour la rue.<br \/>\nM.e.s. Magali Domec<br \/>\nSuccube : \u00ab d\u00e9mon femelle qui, selon la tradition, s\u00e9duit les hommes pendant leur sommeil. \u00bb Une rencontre improbable avec une esp\u00e8ce inconnue aux mani\u00e8res si humaines, qu\u2019il vous en vient des frissons. Un \u00eatre tendrement monstrueux.<\/p>\n","protected":false},"excerpt":{"rendered":"<p>COUP DE TH\u00c9\u00c2TRE Cr\u00e9ation 2008 Genre : Enqu\u00eate polici\u00e8re d\u00e9ambulatoire \u00c9crit par Gilles Abier. M.e.s. Florence Domec Le public se retrouve m\u00eal\u00e9 malgr\u00e9 lui \u00e0 une intrigue polici\u00e8re et embarqu\u00e9 dans un spectacle d&rsquo;investigation, ambiance polar expressionniste. &nbsp; SIAMOISES Cr\u00e9ation 2006 Genre : Com\u00e9die humaine en textes et en chansons. \u00c9crit par Jack Dor M.e.s. [&hellip;]<\/p>\n","protected":false},"author":1,"featured_media":0,"parent":0,"menu_order":0,"comment_status":"closed","ping_status":"closed","template":"templates\/no-sidebar.php","meta":{"footnotes":""},"class_list":["post-929","page","type-page","status-publish","hentry"],"yoast_head":"<!-- This site is optimized with the Yoast SEO plugin v26.8 - https:\/\/yoast.com\/product\/yoast-seo-wordpress\/ -->\n<title>Archives &#8226; Tintamar<\/title>\n<meta name=\"robots\" content=\"index, follow, max-snippet:-1, max-image-preview:large, max-video-preview:-1\" \/>\n<link rel=\"canonical\" href=\"http:\/\/cietintamar.com\/?page_id=929\" \/>\n<meta property=\"og:locale\" content=\"fr_FR\" \/>\n<meta property=\"og:type\" content=\"article\" \/>\n<meta property=\"og:title\" content=\"Archives &#8226; Tintamar\" \/>\n<meta property=\"og:description\" content=\"COUP DE TH\u00c9\u00c2TRE Cr\u00e9ation 2008 Genre : Enqu\u00eate polici\u00e8re d\u00e9ambulatoire \u00c9crit par Gilles Abier. M.e.s. Florence Domec Le public se retrouve m\u00eal\u00e9 malgr\u00e9 lui \u00e0 une intrigue polici\u00e8re et embarqu\u00e9 dans un spectacle d&rsquo;investigation, ambiance polar expressionniste. &nbsp; SIAMOISES Cr\u00e9ation 2006 Genre : Com\u00e9die humaine en textes et en chansons. \u00c9crit par Jack Dor M.e.s. [&hellip;]\" \/>\n<meta property=\"og:url\" content=\"http:\/\/cietintamar.com\/?page_id=929\" \/>\n<meta property=\"og:site_name\" content=\"Tintamar\" \/>\n<meta property=\"article:modified_time\" content=\"2022-05-10T09:27:11+00:00\" \/>\n<meta property=\"og:image\" content=\"http:\/\/cietintamar.com\/wp-content\/uploads\/2014\/10\/coup-de-theatre-150x150.jpg\" \/>\n<meta name=\"twitter:label1\" content=\"Dur\u00e9e de lecture estim\u00e9e\" \/>\n\t<meta name=\"twitter:data1\" content=\"1 minute\" \/>\n<script type=\"application\/ld+json\" class=\"yoast-schema-graph\">{\"@context\":\"https:\/\/schema.org\",\"@graph\":[{\"@type\":\"WebPage\",\"@id\":\"http:\/\/cietintamar.com\/?page_id=929\",\"url\":\"http:\/\/cietintamar.com\/?page_id=929\",\"name\":\"Archives &#8226; Tintamar\",\"isPartOf\":{\"@id\":\"https:\/\/cietintamar.com\/#website\"},\"primaryImageOfPage\":{\"@id\":\"http:\/\/cietintamar.com\/?page_id=929#primaryimage\"},\"image\":{\"@id\":\"http:\/\/cietintamar.com\/?page_id=929#primaryimage\"},\"thumbnailUrl\":\"http:\/\/cietintamar.com\/wp-content\/uploads\/2014\/10\/coup-de-theatre-150x150.jpg\",\"datePublished\":\"2020-02-03T14:15:50+00:00\",\"dateModified\":\"2022-05-10T09:27:11+00:00\",\"breadcrumb\":{\"@id\":\"http:\/\/cietintamar.com\/?page_id=929#breadcrumb\"},\"inLanguage\":\"fr-FR\",\"potentialAction\":[{\"@type\":\"ReadAction\",\"target\":[\"http:\/\/cietintamar.com\/?page_id=929\"]}]},{\"@type\":\"ImageObject\",\"inLanguage\":\"fr-FR\",\"@id\":\"http:\/\/cietintamar.com\/?page_id=929#primaryimage\",\"url\":\"http:\/\/cietintamar.com\/wp-content\/uploads\/2014\/10\/coup-de-theatre.jpg\",\"contentUrl\":\"http:\/\/cietintamar.com\/wp-content\/uploads\/2014\/10\/coup-de-theatre.jpg\",\"width\":487,\"height\":318},{\"@type\":\"BreadcrumbList\",\"@id\":\"http:\/\/cietintamar.com\/?page_id=929#breadcrumb\",\"itemListElement\":[{\"@type\":\"ListItem\",\"position\":1,\"name\":\"Accueil\",\"item\":\"https:\/\/cietintamar.com\/\"},{\"@type\":\"ListItem\",\"position\":2,\"name\":\"Archives\"}]},{\"@type\":\"WebSite\",\"@id\":\"https:\/\/cietintamar.com\/#website\",\"url\":\"https:\/\/cietintamar.com\/\",\"name\":\"Tintamar\",\"description\":\"\",\"potentialAction\":[{\"@type\":\"SearchAction\",\"target\":{\"@type\":\"EntryPoint\",\"urlTemplate\":\"https:\/\/cietintamar.com\/?s={search_term_string}\"},\"query-input\":{\"@type\":\"PropertyValueSpecification\",\"valueRequired\":true,\"valueName\":\"search_term_string\"}}],\"inLanguage\":\"fr-FR\"}]}<\/script>\n<!-- \/ Yoast SEO plugin. -->","yoast_head_json":{"title":"Archives &#8226; Tintamar","robots":{"index":"index","follow":"follow","max-snippet":"max-snippet:-1","max-image-preview":"max-image-preview:large","max-video-preview":"max-video-preview:-1"},"canonical":"http:\/\/cietintamar.com\/?page_id=929","og_locale":"fr_FR","og_type":"article","og_title":"Archives &#8226; Tintamar","og_description":"COUP DE TH\u00c9\u00c2TRE Cr\u00e9ation 2008 Genre : Enqu\u00eate polici\u00e8re d\u00e9ambulatoire \u00c9crit par Gilles Abier. M.e.s. Florence Domec Le public se retrouve m\u00eal\u00e9 malgr\u00e9 lui \u00e0 une intrigue polici\u00e8re et embarqu\u00e9 dans un spectacle d&rsquo;investigation, ambiance polar expressionniste. &nbsp; SIAMOISES Cr\u00e9ation 2006 Genre : Com\u00e9die humaine en textes et en chansons. \u00c9crit par Jack Dor M.e.s. [&hellip;]","og_url":"http:\/\/cietintamar.com\/?page_id=929","og_site_name":"Tintamar","article_modified_time":"2022-05-10T09:27:11+00:00","og_image":[{"url":"http:\/\/cietintamar.com\/wp-content\/uploads\/2014\/10\/coup-de-theatre-150x150.jpg","type":"","width":"","height":""}],"twitter_misc":{"Dur\u00e9e de lecture estim\u00e9e":"1 minute"},"schema":{"@context":"https:\/\/schema.org","@graph":[{"@type":"WebPage","@id":"http:\/\/cietintamar.com\/?page_id=929","url":"http:\/\/cietintamar.com\/?page_id=929","name":"Archives &#8226; Tintamar","isPartOf":{"@id":"https:\/\/cietintamar.com\/#website"},"primaryImageOfPage":{"@id":"http:\/\/cietintamar.com\/?page_id=929#primaryimage"},"image":{"@id":"http:\/\/cietintamar.com\/?page_id=929#primaryimage"},"thumbnailUrl":"http:\/\/cietintamar.com\/wp-content\/uploads\/2014\/10\/coup-de-theatre-150x150.jpg","datePublished":"2020-02-03T14:15:50+00:00","dateModified":"2022-05-10T09:27:11+00:00","breadcrumb":{"@id":"http:\/\/cietintamar.com\/?page_id=929#breadcrumb"},"inLanguage":"fr-FR","potentialAction":[{"@type":"ReadAction","target":["http:\/\/cietintamar.com\/?page_id=929"]}]},{"@type":"ImageObject","inLanguage":"fr-FR","@id":"http:\/\/cietintamar.com\/?page_id=929#primaryimage","url":"http:\/\/cietintamar.com\/wp-content\/uploads\/2014\/10\/coup-de-theatre.jpg","contentUrl":"http:\/\/cietintamar.com\/wp-content\/uploads\/2014\/10\/coup-de-theatre.jpg","width":487,"height":318},{"@type":"BreadcrumbList","@id":"http:\/\/cietintamar.com\/?page_id=929#breadcrumb","itemListElement":[{"@type":"ListItem","position":1,"name":"Accueil","item":"https:\/\/cietintamar.com\/"},{"@type":"ListItem","position":2,"name":"Archives"}]},{"@type":"WebSite","@id":"https:\/\/cietintamar.com\/#website","url":"https:\/\/cietintamar.com\/","name":"Tintamar","description":"","potentialAction":[{"@type":"SearchAction","target":{"@type":"EntryPoint","urlTemplate":"https:\/\/cietintamar.com\/?s={search_term_string}"},"query-input":{"@type":"PropertyValueSpecification","valueRequired":true,"valueName":"search_term_string"}}],"inLanguage":"fr-FR"}]}},"_links":{"self":[{"href":"http:\/\/cietintamar.com\/index.php?rest_route=\/wp\/v2\/pages\/929","targetHints":{"allow":["GET"]}}],"collection":[{"href":"http:\/\/cietintamar.com\/index.php?rest_route=\/wp\/v2\/pages"}],"about":[{"href":"http:\/\/cietintamar.com\/index.php?rest_route=\/wp\/v2\/types\/page"}],"author":[{"embeddable":true,"href":"http:\/\/cietintamar.com\/index.php?rest_route=\/wp\/v2\/users\/1"}],"replies":[{"embeddable":true,"href":"http:\/\/cietintamar.com\/index.php?rest_route=%2Fwp%2Fv2%2Fcomments&post=929"}],"version-history":[{"count":3,"href":"http:\/\/cietintamar.com\/index.php?rest_route=\/wp\/v2\/pages\/929\/revisions"}],"predecessor-version":[{"id":1471,"href":"http:\/\/cietintamar.com\/index.php?rest_route=\/wp\/v2\/pages\/929\/revisions\/1471"}],"wp:attachment":[{"href":"http:\/\/cietintamar.com\/index.php?rest_route=%2Fwp%2Fv2%2Fmedia&parent=929"}],"curies":[{"name":"wp","href":"https:\/\/api.w.org\/{rel}","templated":true}]}}